{"id":263,"date":"2012-10-16T17:51:27","date_gmt":"2012-10-16T15:51:27","guid":{"rendered":"http:\/\/www.my-deco-shop.com\/designblog\/?page_id=263"},"modified":"2015-10-30T18:43:00","modified_gmt":"2015-10-30T17:43:00","slug":"echos-presse-et-blogs","status":"publish","type":"page","link":"https:\/\/www.my-deco-shop.com\/designblog\/echos-presse-et-blogs\/","title":{"rendered":"Echos PRESSE et BLOGS"},"content":{"rendered":"ngg_shortcode_0_placeholder\nngg_shortcode_1_placeholder\nngg_shortcode_2_placeholder\n","protected":false},"excerpt":{"rendered":"","protected":false},"author":1,"featured_media":0,"parent":0,"menu_order":0,"comment_status":"open","ping_status":"open","template":"page-pagebuilder-latest.php","meta":{"_bbp_topic_count":0,"_bbp_reply_count":0,"_bbp_total_topic_count":0,"_bbp_total_reply_count":0,"_bbp_voice_count":0,"_bbp_anonymous_reply_count":0,"_bbp_topic_count_hidden":0,"_bbp_reply_count_hidden":0,"_bbp_forum_subforum_count":0,"ngg_post_thumbnail":0,"footnotes":""},"class_list":["post-263","page","type-page","status-publish","hentry"],"yoast_head":"<!-- This site is optimized with the Yoast SEO plugin v23.4 - https:\/\/yoast.com\/wordpress\/plugins\/seo\/ -->\n<title>Echos PRESSE et BLOGS - my-deco-shop - le blog<\/title>\n<meta name=\"robots\" content=\"index, follow, max-snippet:-1, max-image-preview:large, max-video-preview:-1\" \/>\n<link rel=\"canonical\" href=\"https:\/\/www.my-deco-shop.com\/designblog\/echos-presse-et-blogs\/\" \/>\n<meta property=\"og:locale\" content=\"fr_FR\" \/>\n<meta property=\"og:type\" content=\"article\" \/>\n<meta property=\"og:title\" content=\"Echos PRESSE et BLOGS - my-deco-shop - le blog\" \/>\n<meta property=\"og:url\" content=\"https:\/\/www.my-deco-shop.com\/designblog\/echos-presse-et-blogs\/\" \/>\n<meta property=\"og:site_name\" content=\"my-deco-shop - le blog\" \/>\n<meta property=\"article:modified_time\" content=\"2015-10-30T17:43:00+00:00\" \/>\n<script type=\"application\/ld+json\" class=\"yoast-schema-graph\">{\"@context\":\"https:\/\/schema.org\",\"@graph\":[{\"@type\":\"WebPage\",\"@id\":\"https:\/\/www.my-deco-shop.com\/designblog\/echos-presse-et-blogs\/\",\"url\":\"https:\/\/www.my-deco-shop.com\/designblog\/echos-presse-et-blogs\/\",\"name\":\"Echos PRESSE et BLOGS - my-deco-shop - le blog\",\"isPartOf\":{\"@id\":\"https:\/\/www.my-deco-shop.com\/designblog\/#website\"},\"datePublished\":\"2012-10-16T15:51:27+00:00\",\"dateModified\":\"2015-10-30T17:43:00+00:00\",\"breadcrumb\":{\"@id\":\"https:\/\/www.my-deco-shop.com\/designblog\/echos-presse-et-blogs\/#breadcrumb\"},\"inLanguage\":\"fr-FR\",\"potentialAction\":[{\"@type\":\"ReadAction\",\"target\":[\"https:\/\/www.my-deco-shop.com\/designblog\/echos-presse-et-blogs\/\"]}]},{\"@type\":\"BreadcrumbList\",\"@id\":\"https:\/\/www.my-deco-shop.com\/designblog\/echos-presse-et-blogs\/#breadcrumb\",\"itemListElement\":[{\"@type\":\"ListItem\",\"position\":1,\"name\":\"Home\",\"item\":\"https:\/\/www.my-deco-shop.com\/designblog\/\"},{\"@type\":\"ListItem\",\"position\":2,\"name\":\"Echos PRESSE et BLOGS\"}]},{\"@type\":\"WebSite\",\"@id\":\"https:\/\/www.my-deco-shop.com\/designblog\/#website\",\"url\":\"https:\/\/www.my-deco-shop.com\/designblog\/\",\"name\":\"my-deco-shop - le blog\",\"description\":\"le blog du site my-deco-shop.com vous informe de l&#039;actualit\u00e9, nouveaux produits, interviews de designers et apporte sa petite pierre \u00e0 une communaut\u00e9 de passionn\u00e9s des beaux objets design.\",\"potentialAction\":[{\"@type\":\"SearchAction\",\"target\":{\"@type\":\"EntryPoint\",\"urlTemplate\":\"https:\/\/www.my-deco-shop.com\/designblog\/?s={search_term_string}\"},\"query-input\":{\"@type\":\"PropertyValueSpecification\",\"valueRequired\":true,\"valueName\":\"search_term_string\"}}],\"inLanguage\":\"fr-FR\"}]}<\/script>\n<!-- \/ Yoast SEO plugin. -->","yoast_head_json":{"title":"Echos PRESSE et BLOGS - my-deco-shop - le blog","robots":{"index":"index","follow":"follow","max-snippet":"max-snippet:-1","max-image-preview":"max-image-preview:large","max-video-preview":"max-video-preview:-1"},"canonical":"https:\/\/www.my-deco-shop.com\/designblog\/echos-presse-et-blogs\/","og_locale":"fr_FR","og_type":"article","og_title":"Echos PRESSE et BLOGS - my-deco-shop - le blog","og_url":"https:\/\/www.my-deco-shop.com\/designblog\/echos-presse-et-blogs\/","og_site_name":"my-deco-shop - le blog","article_modified_time":"2015-10-30T17:43:00+00:00","schema":{"@context":"https:\/\/schema.org","@graph":[{"@type":"WebPage","@id":"https:\/\/www.my-deco-shop.com\/designblog\/echos-presse-et-blogs\/","url":"https:\/\/www.my-deco-shop.com\/designblog\/echos-presse-et-blogs\/","name":"Echos PRESSE et BLOGS - my-deco-shop - le blog","isPartOf":{"@id":"https:\/\/www.my-deco-shop.com\/designblog\/#website"},"datePublished":"2012-10-16T15:51:27+00:00","dateModified":"2015-10-30T17:43:00+00:00","breadcrumb":{"@id":"https:\/\/www.my-deco-shop.com\/designblog\/echos-presse-et-blogs\/#breadcrumb"},"inLanguage":"fr-FR","potentialAction":[{"@type":"ReadAction","target":["https:\/\/www.my-deco-shop.com\/designblog\/echos-presse-et-blogs\/"]}]},{"@type":"BreadcrumbList","@id":"https:\/\/www.my-deco-shop.com\/designblog\/echos-presse-et-blogs\/#breadcrumb","itemListElement":[{"@type":"ListItem","position":1,"name":"Home","item":"https:\/\/www.my-deco-shop.com\/designblog\/"},{"@type":"ListItem","position":2,"name":"Echos PRESSE et BLOGS"}]},{"@type":"WebSite","@id":"https:\/\/www.my-deco-shop.com\/designblog\/#website","url":"https:\/\/www.my-deco-shop.com\/designblog\/","name":"my-deco-shop - le blog","description":"le blog du site my-deco-shop.com vous informe de l&#039;actualit\u00e9, nouveaux produits, interviews de designers et apporte sa petite pierre \u00e0 une communaut\u00e9 de passionn\u00e9s des beaux objets design.","potentialAction":[{"@type":"SearchAction","target":{"@type":"EntryPoint","urlTemplate":"https:\/\/www.my-deco-shop.com\/designblog\/?s={search_term_string}"},"query-input":{"@type":"PropertyValueSpecification","valueRequired":true,"valueName":"search_term_string"}}],"inLanguage":"fr-FR"}]}},"_links":{"self":[{"href":"https:\/\/www.my-deco-shop.com\/designblog\/wp-json\/wp\/v2\/pages\/263"}],"collection":[{"href":"https:\/\/www.my-deco-shop.com\/designblog\/wp-json\/wp\/v2\/pages"}],"about":[{"href":"https:\/\/www.my-deco-shop.com\/designblog\/wp-json\/wp\/v2\/types\/page"}],"author":[{"embeddable":true,"href":"https:\/\/www.my-deco-shop.com\/designblog\/wp-json\/wp\/v2\/users\/1"}],"replies":[{"embeddable":true,"href":"https:\/\/www.my-deco-shop.com\/designblog\/wp-json\/wp\/v2\/comments?post=263"}],"version-history":[{"count":0,"href":"https:\/\/www.my-deco-shop.com\/designblog\/wp-json\/wp\/v2\/pages\/263\/revisions"}],"wp:attachment":[{"href":"https:\/\/www.my-deco-shop.com\/designblog\/wp-json\/wp\/v2\/media?parent=263"}],"curies":[{"name":"wp","href":"https:\/\/api.w.org\/{rel}","templated":true}]}}